{"id":1108,"date":"2024-02-28T07:18:38","date_gmt":"2024-02-28T12:18:38","guid":{"rendered":"https:\/\/www.poleleo.ca\/contact\/"},"modified":"2024-03-12T14:14:43","modified_gmt":"2024-03-12T18:14:43","slug":"contact","status":"publish","type":"page","link":"https:\/\/www.poleleo.ca\/en\/contact\/","title":{"rendered":"Contact"},"content":{"rendered":"\t\t<div data-elementor-type=\"wp-page\" data-elementor-id=\"1108\" class=\"elementor elementor-1108 elementor-18\" data-elementor-post-type=\"page\">\n\t\t\t\t<div class=\"elementor-element elementor-element-4f49d67 e-flex e-con-boxed e-con e-parent\" data-id=\"4f49d67\" data-element_type=\"container\" data-e-type=\"container\" data-settings=\"{&quot;background_background&quot;:&quot;classic&quot;}\">\n\t\t\t\t\t<div class=\"e-con-inner\">\n\t\t<div class=\"elementor-element elementor-element-b851c36 e-con-full e-flex e-con e-child\" data-id=\"b851c36\" data-element_type=\"container\" data-e-type=\"container\">\n\t\t\t\t<div class=\"elementor-element elementor-element-31f7c39 animated-fast elementor-invisible elementor-widget elementor-widget-heading\" data-id=\"31f7c39\" data-element_type=\"widget\" data-e-type=\"widget\" data-settings=\"{&quot;_animation&quot;:&quot;fadeInUp&quot;}\" data-widget_type=\"heading.default\">\n\t\t\t\t<div class=\"elementor-widget-container\">\n\t\t\t\t\t<h2 class=\"elementor-heading-title elementor-size-default\">Contact<br>Us<\/h2>\t\t\t\t<\/div>\n\t\t\t\t<\/div>\n\t\t\t\t<div class=\"elementor-element elementor-element-b87a3f9 elementor-widget elementor-widget-text-editor\" data-id=\"b87a3f9\" data-element_type=\"widget\" data-e-type=\"widget\" data-widget_type=\"text-editor.default\">\n\t\t\t\t<div class=\"elementor-widget-container\">\n\t\t\t\t\t\t\t\t\t<p>Want to know more about P\u00f4le L\u00e9o or ask us any other questions? Use the contact form to get in touch today!<\/p>\n\t\t\t\t\t\t\t\t<\/div>\n\t\t\t\t<\/div>\n\t\t\t\t<div class=\"elementor-element elementor-element-3a59813 elementor-mobile-align-justify elementor-hidden-desktop elementor-hidden-tablet elementor-hidden-mobile elementor-widget elementor-widget-button\" data-id=\"3a59813\" data-element_type=\"widget\" data-e-type=\"widget\" data-widget_type=\"button.default\">\n\t\t\t\t<div class=\"elementor-widget-container\">\n\t\t\t\t\t\t\t\t\t<div class=\"elementor-button-wrapper\">\n\t\t\t\t\t<a class=\"elementor-button elementor-button-link elementor-size-sm\" href=\"https:\/\/www.poleleo.ca\/en\/contact\/\">\n\t\t\t\t\t\t<span class=\"elementor-button-content-wrapper\">\n\t\t\t\t\t\t\t\t\t<span class=\"elementor-button-text\">Schedule an appointment<\/span>\n\t\t\t\t\t<\/span>\n\t\t\t\t\t<\/a>\n\t\t\t\t<\/div>\n\t\t\t\t\t\t\t\t<\/div>\n\t\t\t\t<\/div>\n\t\t\t\t<\/div>\n\t\t<div class=\"elementor-element elementor-element-da4c525 e-con-full e-flex e-con e-child\" data-id=\"da4c525\" data-element_type=\"container\" data-e-type=\"container\">\n\t\t\t\t<div class=\"elementor-element elementor-element-a44daae elementor-widget elementor-widget-shortcode\" data-id=\"a44daae\" data-element_type=\"widget\" data-e-type=\"widget\" data-widget_type=\"shortcode.default\">\n\t\t\t\t<div class=\"elementor-widget-container\">\n\t\t\t\t\t\t\t<div class=\"elementor-shortcode\">\n<div class=\"wpcf7 no-js\" id=\"wpcf7-f2117-o1\" lang=\"en-US\" dir=\"ltr\" data-wpcf7-id=\"2117\">\n<div class=\"screen-reader-response\"><p role=\"status\" aria-live=\"polite\" aria-atomic=\"true\"><\/p> <ul><\/ul><\/div>\n<form action=\"\/en\/wp-json\/wp\/v2\/pages\/1108#wpcf7-f2117-o1\" method=\"post\" class=\"wpcf7-form init\" aria-label=\"Contact form\" novalidate=\"novalidate\" data-status=\"init\">\n<fieldset class=\"hidden-fields-container\"><input type=\"hidden\" name=\"_wpcf7\" value=\"2117\" \/><input type=\"hidden\" name=\"_wpcf7_version\" value=\"6.1.5\" \/><input type=\"hidden\" name=\"_wpcf7_locale\" value=\"en_US\" \/><input type=\"hidden\" name=\"_wpcf7_unit_tag\" value=\"wpcf7-f2117-o1\" \/><input type=\"hidden\" name=\"_wpcf7_container_post\" value=\"0\" \/><input type=\"hidden\" name=\"_wpcf7_posted_data_hash\" value=\"\" \/><input type=\"hidden\" name=\"_wpcf7_recaptcha_response\" value=\"\" \/>\n<\/fieldset>\n<p><span class=\"wpcf7-form-control-wrap\" data-name=\"prenom\"><input size=\"40\" maxlength=\"400\" class=\"wpcf7-form-control wpcf7-text wpcf7-validates-as-required\" autocomplete=\"prenom\" aria-required=\"true\" aria-invalid=\"false\" placeholder=\"First name*\" value=\"\" type=\"text\" name=\"prenom\" \/><\/span>\n<\/p>\n<p><span class=\"wpcf7-form-control-wrap\" data-name=\"nom\"><input size=\"40\" maxlength=\"400\" class=\"wpcf7-form-control wpcf7-text wpcf7-validates-as-required\" autocomplete=\"nom\" aria-required=\"true\" aria-invalid=\"false\" placeholder=\"Last name*\" value=\"\" type=\"text\" name=\"nom\" \/><\/span>\n<\/p>\n<p><span class=\"wpcf7-form-control-wrap\" data-name=\"courriel\"><input size=\"40\" maxlength=\"400\" class=\"wpcf7-form-control wpcf7-email wpcf7-validates-as-required wpcf7-text wpcf7-validates-as-email\" autocomplete=\"courriel\" aria-required=\"true\" aria-invalid=\"false\" placeholder=\"Email*\" value=\"\" type=\"email\" name=\"courriel\" \/><\/span>\n<\/p>\n<p><span class=\"wpcf7-form-control-wrap\" data-name=\"invites\"><input size=\"40\" maxlength=\"400\" class=\"wpcf7-form-control wpcf7-text\" aria-invalid=\"false\" placeholder=\"Guests&#039; emails, separated by a comma.\" value=\"\" type=\"text\" name=\"invites\" \/><\/span>\n<\/p>\n<p><span class=\"wpcf7-form-control-wrap\" data-name=\"telephone\"><input size=\"40\" maxlength=\"400\" class=\"wpcf7-form-control wpcf7-text wpcf7-validates-as-required\" autocomplete=\"telephone\" aria-required=\"true\" aria-invalid=\"false\" placeholder=\"Your phone number*\" value=\"\" type=\"text\" name=\"telephone\" \/><\/span>\n<\/p>\n<p>Are you currently renting or owning?*\n<\/p>\n<p><span class=\"wpcf7-form-control-wrap\" data-name=\"proprietaire\"><select class=\"wpcf7-form-control wpcf7-select wpcf7-validates-as-required\" aria-required=\"true\" aria-invalid=\"false\" name=\"proprietaire\"><option value=\"Renting\">Renting<\/option><option value=\"Owning\">Owning<\/option><\/select><\/span>\n<\/p>\n<p>Which phase are you interested in?*\n<\/p>\n<p><span class=\"wpcf7-form-control-wrap\" data-name=\"phases\"><span class=\"wpcf7-form-control wpcf7-checkbox wpcf7-validates-as-required\"><span class=\"wpcf7-list-item first\"><label><input type=\"checkbox\" name=\"phases[]\" value=\"Phase A\" \/><span class=\"wpcf7-list-item-label\">Phase A<\/span><\/label><\/span><span class=\"wpcf7-list-item last\"><label><input type=\"checkbox\" name=\"phases[]\" value=\"Phase B\" \/><span class=\"wpcf7-list-item-label\">Phase B<\/span><\/label><\/span><\/span><\/span>\n<\/p>\n<p>What type of unit are you looking for?*\n<\/p>\n<p><span class=\"wpcf7-form-control-wrap\" data-name=\"unites\"><span class=\"wpcf7-form-control wpcf7-checkbox wpcf7-validates-as-required\"><span class=\"wpcf7-list-item first\"><label><input type=\"checkbox\" name=\"unites[]\" value=\"Studio\" \/><span class=\"wpcf7-list-item-label\">Studio<\/span><\/label><\/span><span class=\"wpcf7-list-item\"><label><input type=\"checkbox\" name=\"unites[]\" value=\"3 \u00bd\" \/><span class=\"wpcf7-list-item-label\">3 \u00bd<\/span><\/label><\/span><span class=\"wpcf7-list-item\"><label><input type=\"checkbox\" name=\"unites[]\" value=\"4 \u00bd\" \/><span class=\"wpcf7-list-item-label\">4 \u00bd<\/span><\/label><\/span><span class=\"wpcf7-list-item last\"><label><input type=\"checkbox\" name=\"unites[]\" value=\"5 \u00bd\" \/><span class=\"wpcf7-list-item-label\">5 \u00bd<\/span><\/label><\/span><\/span><\/span>\n<\/p>\n<p>Which date are you looking to move-in?*\n<\/p>\n<p><span class=\"wpcf7-form-control-wrap\" data-name=\"prise-possession\"><select class=\"wpcf7-form-control wpcf7-select wpcf7-validates-as-required\" aria-required=\"true\" aria-invalid=\"false\" name=\"prise-possession\"><option value=\"0-3 months\">0-3 months<\/option><option value=\"3-6 months\">3-6 months<\/option><option value=\"6-12 months\">6-12 months<\/option><\/select><\/span>\n<\/p>\n<p>Where did you hear about our project?*\n<\/p>\n<p><span class=\"wpcf7-form-control-wrap\" data-name=\"reference\"><select class=\"wpcf7-form-control wpcf7-select wpcf7-validates-as-required\" aria-required=\"true\" aria-invalid=\"false\" name=\"reference\"><option value=\"Web site\">Web site<\/option><option value=\"Social media\">Social media<\/option><option value=\"Search Engine\">Search Engine<\/option><option value=\"Ad sign\">Ad sign<\/option><option value=\"Referral\">Referral<\/option><\/select><\/span>\n<\/p>\n<p><span class=\"wpcf7-form-control-wrap\" data-name=\"message\"><textarea cols=\"40\" rows=\"10\" maxlength=\"2000\" class=\"wpcf7-form-control wpcf7-textarea\" aria-invalid=\"false\" placeholder=\"Message\" name=\"message\"><\/textarea><\/span>\n<\/p>\n<p><span class=\"wpcf7-form-control-wrap\" data-name=\"optin\"><span class=\"wpcf7-form-control wpcf7-checkbox\"><span class=\"wpcf7-list-item first last\"><label><input type=\"checkbox\" name=\"optin[]\" value=\"By checking this box, I agree to receive information, promotions, and email communications from Cloriacit\u00e9 and its affiliated brands.\" \/><span class=\"wpcf7-list-item-label\">By checking this box, I agree to receive information, promotions, and email communications from Cloriacit\u00e9 and its affiliated brands.<\/span><\/label><\/span><\/span><\/span>\n<\/p>\n<p><input class=\"wpcf7-form-control wpcf7-submit has-spinner\" type=\"submit\" value=\"Send\" \/>\n<\/p><div class=\"wpcf7-response-output\" aria-hidden=\"true\"><\/div>\n<\/form>\n<\/div>\n<\/div>\n\t\t\t\t\t\t<\/div>\n\t\t\t\t<\/div>\n\t\t\t\t<\/div>\n\t\t\t\t\t<\/div>\n\t\t\t\t<\/div>\n\t\t\t\t<\/div>\n\t\t","protected":false},"excerpt":{"rendered":"<p>ContactUs Want to know more about P\u00f4le L\u00e9o or ask us any other questions? Use the contact form to get in touch today! Schedule an appointment<\/p>\n","protected":false},"author":2,"featured_media":1335,"parent":0,"menu_order":0,"comment_status":"closed","ping_status":"closed","template":"elementor_header_footer","meta":{"footnotes":""},"class_list":["post-1108","page","type-page","status-publish","has-post-thumbnail","hentry"],"yoast_head":"<!-- This site is optimized with the Yoast SEO plugin v27.2 - https:\/\/yoast.com\/product\/yoast-seo-wordpress\/ -->\n<title>Contact - P\u00f4le L\u00e9o<\/title>\n<meta name=\"robots\" content=\"index, follow, max-snippet:-1, max-image-preview:large, max-video-preview:-1\" \/>\n<link rel=\"canonical\" href=\"https:\/\/www.poleleo.ca\/en\/contact\/\" \/>\n<meta property=\"og:locale\" content=\"en_US\" \/>\n<meta property=\"og:type\" content=\"article\" \/>\n<meta property=\"og:title\" content=\"Contact - P\u00f4le L\u00e9o\" \/>\n<meta property=\"og:description\" content=\"ContactUs Want to know more about P\u00f4le L\u00e9o or ask us any other questions? Use the contact form to get in touch today! Schedule an appointment\" \/>\n<meta property=\"og:url\" content=\"https:\/\/www.poleleo.ca\/en\/contact\/\" \/>\n<meta property=\"og:site_name\" content=\"P\u00f4le L\u00e9o\" \/>\n<meta property=\"article:modified_time\" content=\"2024-03-12T18:14:43+00:00\" \/>\n<meta property=\"og:image\" content=\"https:\/\/www.poleleo.ca\/wp-content\/uploads\/2024\/03\/pole_leo_social_preview.jpg\" \/>\n\t<meta property=\"og:image:width\" content=\"2500\" \/>\n\t<meta property=\"og:image:height\" content=\"1313\" \/>\n\t<meta property=\"og:image:type\" content=\"image\/jpeg\" \/>\n<meta name=\"twitter:card\" content=\"summary_large_image\" \/>\n<meta name=\"twitter:label1\" content=\"Est. reading time\" \/>\n\t<meta name=\"twitter:data1\" content=\"1 minute\" \/>\n<script type=\"application\/ld+json\" class=\"yoast-schema-graph\">{\"@context\":\"https:\/\/schema.org\",\"@graph\":[{\"@type\":\"WebPage\",\"@id\":\"https:\/\/www.poleleo.ca\/en\/contact\/\",\"url\":\"https:\/\/www.poleleo.ca\/en\/contact\/\",\"name\":\"Contact - P\u00f4le L\u00e9o\",\"isPartOf\":{\"@id\":\"https:\/\/www.poleleo.ca\/#website\"},\"primaryImageOfPage\":{\"@id\":\"https:\/\/www.poleleo.ca\/en\/contact\/#primaryimage\"},\"image\":{\"@id\":\"https:\/\/www.poleleo.ca\/en\/contact\/#primaryimage\"},\"thumbnailUrl\":\"https:\/\/www.poleleo.ca\/wp-content\/uploads\/2024\/03\/pole_leo_social_preview.jpg\",\"datePublished\":\"2024-02-28T12:18:38+00:00\",\"dateModified\":\"2024-03-12T18:14:43+00:00\",\"breadcrumb\":{\"@id\":\"https:\/\/www.poleleo.ca\/en\/contact\/#breadcrumb\"},\"inLanguage\":\"en-US\",\"potentialAction\":[{\"@type\":\"ReadAction\",\"target\":[\"https:\/\/www.poleleo.ca\/en\/contact\/\"]}]},{\"@type\":\"ImageObject\",\"inLanguage\":\"en-US\",\"@id\":\"https:\/\/www.poleleo.ca\/en\/contact\/#primaryimage\",\"url\":\"https:\/\/www.poleleo.ca\/wp-content\/uploads\/2024\/03\/pole_leo_social_preview.jpg\",\"contentUrl\":\"https:\/\/www.poleleo.ca\/wp-content\/uploads\/2024\/03\/pole_leo_social_preview.jpg\",\"width\":2500,\"height\":1313},{\"@type\":\"BreadcrumbList\",\"@id\":\"https:\/\/www.poleleo.ca\/en\/contact\/#breadcrumb\",\"itemListElement\":[{\"@type\":\"ListItem\",\"position\":1,\"name\":\"Accueil\",\"item\":\"https:\/\/www.poleleo.ca\/\"},{\"@type\":\"ListItem\",\"position\":2,\"name\":\"Contact\"}]},{\"@type\":\"WebSite\",\"@id\":\"https:\/\/www.poleleo.ca\/#website\",\"url\":\"https:\/\/www.poleleo.ca\/\",\"name\":\"P\u00f4le L\u00e9o\",\"description\":\"\",\"publisher\":{\"@id\":\"https:\/\/www.poleleo.ca\/#organization\"},\"potentialAction\":[{\"@type\":\"SearchAction\",\"target\":{\"@type\":\"EntryPoint\",\"urlTemplate\":\"https:\/\/www.poleleo.ca\/?s={search_term_string}\"},\"query-input\":{\"@type\":\"PropertyValueSpecification\",\"valueRequired\":true,\"valueName\":\"search_term_string\"}}],\"inLanguage\":\"en-US\"},{\"@type\":\"Organization\",\"@id\":\"https:\/\/www.poleleo.ca\/#organization\",\"name\":\"P\u00f4le L\u00e9o\",\"url\":\"https:\/\/www.poleleo.ca\/\",\"logo\":{\"@type\":\"ImageObject\",\"inLanguage\":\"en-US\",\"@id\":\"https:\/\/www.poleleo.ca\/#\/schema\/logo\/image\/\",\"url\":\"https:\/\/www.poleleo.ca\/wp-content\/uploads\/2024\/02\/Group-83.svg\",\"contentUrl\":\"https:\/\/www.poleleo.ca\/wp-content\/uploads\/2024\/02\/Group-83.svg\",\"caption\":\"P\u00f4le L\u00e9o\"},\"image\":{\"@id\":\"https:\/\/www.poleleo.ca\/#\/schema\/logo\/image\/\"}}]}<\/script>\n<!-- \/ Yoast SEO plugin. -->","yoast_head_json":{"title":"Contact - P\u00f4le L\u00e9o","robots":{"index":"index","follow":"follow","max-snippet":"max-snippet:-1","max-image-preview":"max-image-preview:large","max-video-preview":"max-video-preview:-1"},"canonical":"https:\/\/www.poleleo.ca\/en\/contact\/","og_locale":"en_US","og_type":"article","og_title":"Contact - P\u00f4le L\u00e9o","og_description":"ContactUs Want to know more about P\u00f4le L\u00e9o or ask us any other questions? Use the contact form to get in touch today! Schedule an appointment","og_url":"https:\/\/www.poleleo.ca\/en\/contact\/","og_site_name":"P\u00f4le L\u00e9o","article_modified_time":"2024-03-12T18:14:43+00:00","og_image":[{"width":2500,"height":1313,"url":"https:\/\/www.poleleo.ca\/wp-content\/uploads\/2024\/03\/pole_leo_social_preview.jpg","type":"image\/jpeg"}],"twitter_card":"summary_large_image","twitter_misc":{"Est. reading time":"1 minute"},"schema":{"@context":"https:\/\/schema.org","@graph":[{"@type":"WebPage","@id":"https:\/\/www.poleleo.ca\/en\/contact\/","url":"https:\/\/www.poleleo.ca\/en\/contact\/","name":"Contact - P\u00f4le L\u00e9o","isPartOf":{"@id":"https:\/\/www.poleleo.ca\/#website"},"primaryImageOfPage":{"@id":"https:\/\/www.poleleo.ca\/en\/contact\/#primaryimage"},"image":{"@id":"https:\/\/www.poleleo.ca\/en\/contact\/#primaryimage"},"thumbnailUrl":"https:\/\/www.poleleo.ca\/wp-content\/uploads\/2024\/03\/pole_leo_social_preview.jpg","datePublished":"2024-02-28T12:18:38+00:00","dateModified":"2024-03-12T18:14:43+00:00","breadcrumb":{"@id":"https:\/\/www.poleleo.ca\/en\/contact\/#breadcrumb"},"inLanguage":"en-US","potentialAction":[{"@type":"ReadAction","target":["https:\/\/www.poleleo.ca\/en\/contact\/"]}]},{"@type":"ImageObject","inLanguage":"en-US","@id":"https:\/\/www.poleleo.ca\/en\/contact\/#primaryimage","url":"https:\/\/www.poleleo.ca\/wp-content\/uploads\/2024\/03\/pole_leo_social_preview.jpg","contentUrl":"https:\/\/www.poleleo.ca\/wp-content\/uploads\/2024\/03\/pole_leo_social_preview.jpg","width":2500,"height":1313},{"@type":"BreadcrumbList","@id":"https:\/\/www.poleleo.ca\/en\/contact\/#breadcrumb","itemListElement":[{"@type":"ListItem","position":1,"name":"Accueil","item":"https:\/\/www.poleleo.ca\/"},{"@type":"ListItem","position":2,"name":"Contact"}]},{"@type":"WebSite","@id":"https:\/\/www.poleleo.ca\/#website","url":"https:\/\/www.poleleo.ca\/","name":"P\u00f4le L\u00e9o","description":"","publisher":{"@id":"https:\/\/www.poleleo.ca\/#organization"},"potentialAction":[{"@type":"SearchAction","target":{"@type":"EntryPoint","urlTemplate":"https:\/\/www.poleleo.ca\/?s={search_term_string}"},"query-input":{"@type":"PropertyValueSpecification","valueRequired":true,"valueName":"search_term_string"}}],"inLanguage":"en-US"},{"@type":"Organization","@id":"https:\/\/www.poleleo.ca\/#organization","name":"P\u00f4le L\u00e9o","url":"https:\/\/www.poleleo.ca\/","logo":{"@type":"ImageObject","inLanguage":"en-US","@id":"https:\/\/www.poleleo.ca\/#\/schema\/logo\/image\/","url":"https:\/\/www.poleleo.ca\/wp-content\/uploads\/2024\/02\/Group-83.svg","contentUrl":"https:\/\/www.poleleo.ca\/wp-content\/uploads\/2024\/02\/Group-83.svg","caption":"P\u00f4le L\u00e9o"},"image":{"@id":"https:\/\/www.poleleo.ca\/#\/schema\/logo\/image\/"}}]}},"_links":{"self":[{"href":"https:\/\/www.poleleo.ca\/en\/wp-json\/wp\/v2\/pages\/1108","targetHints":{"allow":["GET"]}}],"collection":[{"href":"https:\/\/www.poleleo.ca\/en\/wp-json\/wp\/v2\/pages"}],"about":[{"href":"https:\/\/www.poleleo.ca\/en\/wp-json\/wp\/v2\/types\/page"}],"author":[{"embeddable":true,"href":"https:\/\/www.poleleo.ca\/en\/wp-json\/wp\/v2\/users\/2"}],"replies":[{"embeddable":true,"href":"https:\/\/www.poleleo.ca\/en\/wp-json\/wp\/v2\/comments?post=1108"}],"version-history":[{"count":17,"href":"https:\/\/www.poleleo.ca\/en\/wp-json\/wp\/v2\/pages\/1108\/revisions"}],"predecessor-version":[{"id":2120,"href":"https:\/\/www.poleleo.ca\/en\/wp-json\/wp\/v2\/pages\/1108\/revisions\/2120"}],"wp:featuredmedia":[{"embeddable":true,"href":"https:\/\/www.poleleo.ca\/en\/wp-json\/wp\/v2\/media\/1335"}],"wp:attachment":[{"href":"https:\/\/www.poleleo.ca\/en\/wp-json\/wp\/v2\/media?parent=1108"}],"curies":[{"name":"wp","href":"https:\/\/api.w.org\/{rel}","templated":true}]}}